{"id":15329,"date":"2025-02-09T20:39:20","date_gmt":"2025-02-09T19:39:20","guid":{"rendered":"https:\/\/antonitolmos.com\/final-cdt-sesion\/"},"modified":"2025-04-17T09:13:12","modified_gmt":"2025-04-17T07:13:12","slug":"final-qdt-sessio","status":"publish","type":"page","link":"https:\/\/antonitolmos.com\/ca\/final-qdt-sessio\/","title":{"rendered":"FINAL QDT SESSI\u00d3"},"content":{"rendered":"<p>[et_pb_section fb_built=&#8221;1&#8243; _builder_version=&#8221;4.27.4&#8243; _module_preset=&#8221;default&#8221; global_colors_info=&#8221;{}&#8221;][et_pb_row column_structure=&#8221;2_5,3_5&#8243; _builder_version=&#8221;4.27.4&#8243; _module_preset=&#8221;default&#8221; global_colors_info=&#8221;{}&#8221;][et_pb_column type=&#8221;2_5&#8243; _builder_version=&#8221;4.27.4&#8243; _module_preset=&#8221;default&#8221; global_colors_info=&#8221;{}&#8221;][et_pb_image src=&#8221;https:\/\/antonitolmos.com\/files\/antoni-tolmos-2025-daviddelval-124-baixa-copia.jpg&#8221; title_text=&#8221;Evoto&#8221; _builder_version=&#8221;4.27.4&#8243; _module_preset=&#8221;default&#8221; global_colors_info=&#8221;{}&#8221;][\/et_pb_image][\/et_pb_column][et_pb_column type=&#8221;3_5&#8243; _builder_version=&#8221;4.27.4&#8243; _module_preset=&#8221;default&#8221; global_colors_info=&#8221;{}&#8221;][et_pb_text _builder_version=&#8221;4.27.4&#8243; _module_preset=&#8221;default&#8221; hover_enabled=&#8221;0&#8243; global_colors_info=&#8221;{}&#8221; sticky_enabled=&#8221;0&#8243;]<\/p>\n<h3><strong>Moltes gr\u00e0cies<\/strong> per arribar fins aqu\u00ed.<\/h3>\n<h3>Desitjo que aquest llibre t&#8217;hagi inspirat i puguis iniciar el teu pr\u00f2xim projecte amb la millor <strong>motivaci\u00f3<\/strong>.<\/h3>\n<h3>\u00a0<\/h3>\n<h3>En agra\u00efment a la teva <strong>lectura<\/strong> i per continuar aprofundint en el teu <strong>creixement<\/strong> art\u00edstic, vull obsequiar-te amb un regal a escollir entre:<\/h3>\n<ul>\n<li>\n<h3>Acc\u00e9s a la formaci\u00f3 online <strong><em><span style=\"color: #993300;\">estimarte <\/span><\/em><\/strong>en la modalitat <strong>d&#8217;autoaprenentatge<\/strong> i on disposes d&#8217;un <strong>25%<\/strong> de descompte aplicant el cup\u00f3 <strong>estimarte25<\/strong>. En aquest enlla\u00e7 tens tota la <span style=\"color: #3366ff;\"><a style=\"color: #3366ff;\" href=\"https:\/\/formacion.antonitolmos.com\/estimartecat\/\" target=\"_blank\" rel=\"noopener\">informaci\u00f3<\/a><\/span><\/h3>\n<\/li>\n<li>\n<h3>O si ho prefereixes, una <strong>sessi\u00f3 de 30 minuts<\/strong> en qu\u00e8 podr\u00e0s explicar-me els teus <strong>dubtes<\/strong> com a artista i on t&#8217;aportar\u00e9 <strong>solucions<\/strong> perqu\u00e8 puguis emprendre el teu projecte <strong>art\u00edstic<\/strong>. Omple i envia el formulari que tens al final d&#8217;aquesta p\u00e0gina iniciant el teu missatge amb les lletres <strong>QDT<\/strong><\/h3>\n<\/li>\n<\/ul>\n<h3>Una abra\u00e7ada!<\/h3>\n<h3>Antoni Tolmos<\/h3>\n<p>&nbsp;<\/p>\n<p>[\/et_pb_text][\/et_pb_column][\/et_pb_row][et_pb_row column_structure=&#8221;2_5,3_5&#8243; _builder_version=&#8221;4.27.4&#8243; _module_preset=&#8221;default&#8221; global_colors_info=&#8221;{}&#8221;][et_pb_column type=&#8221;2_5&#8243; _builder_version=&#8221;4.27.4&#8243; _module_preset=&#8221;default&#8221; global_colors_info=&#8221;{}&#8221;][et_pb_text _builder_version=&#8221;4.27.4&#8243; _module_preset=&#8221;default&#8221; global_colors_info=&#8221;{}&#8221;]<\/p>\n<h3><strong>ESCOLTA&#8217;M EN EL PODCAST <em>ACTUANDO<\/em><\/strong><\/h3>\n<h3>M\u00fasica, art i comunicaci\u00f3<\/h3>\n<p>[\/et_pb_text][et_pb_text _builder_version=&#8221;4.27.4&#8243; _module_preset=&#8221;default&#8221; global_colors_info=&#8221;{}&#8221;]<\/p>\n<p><iframe title=\"Spotify Embed: Ep.75 LA AMISTAD. Tienes un amigo.\" style=\"border-radius: 12px\" width=\"100%\" height=\"152\" frameborder=\"0\" allowfullscreen allow=\"autoplay; clipboard-write; encrypted-media; fullscreen; picture-in-picture\" loading=\"lazy\" src=\"https:\/\/open.spotify.com\/embed\/show\/0VzMn4OUSjVAzqlOIYvnjc?si=4ee0b3a9a3894ea3&#038;utm_source=oembed\"><\/iframe><\/p>\n<p>[\/et_pb_text][et_pb_text _builder_version=&#8221;4.27.4&#8243; _module_preset=&#8221;default&#8221; global_colors_info=&#8221;{}&#8221;]<\/p>\n<h3>\u00a0<\/h3>\n<h3>ah! i segueix la meva activitat a <span style=\"color: #3366ff;\"><a style=\"color: #3366ff;\" href=\"https:\/\/www.instagram.com\/antonitolmos\/\" target=\"_blank\" rel=\"noopener\">instagram<\/a><\/span><\/h3>\n<p>[\/et_pb_text][\/et_pb_column][et_pb_column type=&#8221;3_5&#8243; _builder_version=&#8221;4.27.4&#8243; _module_preset=&#8221;default&#8221; global_colors_info=&#8221;{}&#8221;][et_pb_text _builder_version=&#8221;4.27.4&#8243; _module_preset=&#8221;default&#8221; global_colors_info=&#8221;{}&#8221;]<\/p>\n<h3><strong>FORMULARI DE CONTACTE<\/strong><\/h3>\n<h3><strong>Contacta<\/strong>\u00a0directament amb mi a trav\u00e9s d&#8217;aquest <strong>formulari <\/strong>i et respondr\u00e9 l&#8217;abans possible per <strong>ajudar-te<\/strong> en el que necessitis.<\/h3>\n<p>[\/et_pb_text][et_pb_text admin_label=&#8221;formulari&#8221; _builder_version=&#8221;4.27.4&#8243; background_size=&#8221;initial&#8221; background_position=&#8221;top_left&#8221; background_repeat=&#8221;repeat&#8221; use_border_color=&#8221;off&#8221; border_color=&#8221;#ffffff&#8221; border_style=&#8221;solid&#8221; locked=&#8221;off&#8221; global_colors_info=&#8221;{}&#8221;]<\/p>\n<script type=\"text\/javascript\">\n\/* <![CDATA[ *\/\nvar gform;gform||(document.addEventListener(\"gform_main_scripts_loaded\",function(){gform.scriptsLoaded=!0}),document.addEventListener(\"gform\/theme\/scripts_loaded\",function(){gform.themeScriptsLoaded=!0}),window.addEventListener(\"DOMContentLoaded\",function(){gform.domLoaded=!0}),gform={domLoaded:!1,scriptsLoaded:!1,themeScriptsLoaded:!1,isFormEditor:()=>\"function\"==typeof InitializeEditor,callIfLoaded:function(o){return!(!gform.domLoaded||!gform.scriptsLoaded||!gform.themeScriptsLoaded&&!gform.isFormEditor()||(gform.isFormEditor()&&console.warn(\"The use of gform.initializeOnLoaded() is deprecated in the form editor context and will be removed in Gravity Forms 3.1.\"),o(),0))},initializeOnLoaded:function(o){gform.callIfLoaded(o)||(document.addEventListener(\"gform_main_scripts_loaded\",()=>{gform.scriptsLoaded=!0,gform.callIfLoaded(o)}),document.addEventListener(\"gform\/theme\/scripts_loaded\",()=>{gform.themeScriptsLoaded=!0,gform.callIfLoaded(o)}),window.addEventListener(\"DOMContentLoaded\",()=>{gform.domLoaded=!0,gform.callIfLoaded(o)}))},hooks:{action:{},filter:{}},addAction:function(o,r,e,t){gform.addHook(\"action\",o,r,e,t)},addFilter:function(o,r,e,t){gform.addHook(\"filter\",o,r,e,t)},doAction:function(o){gform.doHook(\"action\",o,arguments)},applyFilters:function(o){return gform.doHook(\"filter\",o,arguments)},removeAction:function(o,r){gform.removeHook(\"action\",o,r)},removeFilter:function(o,r,e){gform.removeHook(\"filter\",o,r,e)},addHook:function(o,r,e,t,n){null==gform.hooks[o][r]&&(gform.hooks[o][r]=[]);var d=gform.hooks[o][r];null==n&&(n=r+\"_\"+d.length),gform.hooks[o][r].push({tag:n,callable:e,priority:t=null==t?10:t})},doHook:function(r,o,e){var t;if(e=Array.prototype.slice.call(e,1),null!=gform.hooks[r][o]&&((o=gform.hooks[r][o]).sort(function(o,r){return o.priority-r.priority}),o.forEach(function(o){\"function\"!=typeof(t=o.callable)&&(t=window[t]),\"action\"==r?t.apply(null,e):e[0]=t.apply(null,e)})),\"filter\"==r)return e[0]},removeHook:function(o,r,t,n){var e;null!=gform.hooks[o][r]&&(e=(e=gform.hooks[o][r]).filter(function(o,r,e){return!!(null!=n&&n!=o.tag||null!=t&&t!=o.priority)}),gform.hooks[o][r]=e)}});\n\/* ]]> *\/\n<\/script>\n\n                <div class='gf_browser_gecko gform_wrapper gform_legacy_markup_wrapper gform-theme--no-framework' data-form-theme='legacy' data-form-index='0' id='gform_wrapper_2' ><div id='gf_2' class='gform_anchor' tabindex='-1'><\/div><form method='post' enctype='multipart\/form-data' target='gform_ajax_frame_2' id='gform_2'  action='\/ca\/wp-json\/wp\/v2\/pages\/15329#gf_2' data-formid='2' novalidate>\n                        <div class='gform-body gform_body'><ul id='gform_fields_2' class='gform_fields top_label form_sublabel_below description_below validation_below'><li id=\"field_2_5\" class=\"gfield gfield--type-honeypot gform_validation_container field_sublabel_below gfield--has-description field_description_below field_validation_below gfield_visibility_visible\"  ><label class='gfield_label gform-field-label' for='input_2_5'>Facebook<\/label><div class='ginput_container'><input name='input_5' id='input_2_5' type='text' value='' autocomplete='new-password'\/><\/div><div class='gfield_description' id='gfield_description_2_5'>Aquest camp nom\u00e9s \u00e9s per validaci\u00f3 i no s'ha de modificar.<\/div><\/li><li id=\"field_2_4\" class=\"gfield gfield--type-text gfield--input-type-text gfield_contains_required field_sublabel_below gfield--no-description field_description_below field_validation_below gfield_visibility_visible\"  ><label class='gfield_label gform-field-label' for='input_2_4'>Nombre y Apellidos<span class=\"gfield_required\"><span class=\"gfield_required gfield_required_asterisk\">*<\/span><\/span><\/label><div class='ginput_container ginput_container_text'><input name='input_4' id='input_2_4' type='text' value='' class='large'     aria-required=\"true\" aria-invalid=\"false\"   \/><\/div><\/li><li id=\"field_2_2\" class=\"gfield gfield--type-email gfield--input-type-email gfield_contains_required field_sublabel_below gfield--no-description field_description_below field_validation_below gfield_visibility_visible\"  ><label class='gfield_label gform-field-label gfield_label_before_complex' >E-mail<span class=\"gfield_required\"><span class=\"gfield_required gfield_required_asterisk\">*<\/span><\/span><\/label><div class='ginput_complex ginput_container ginput_container_email gform-grid-row' id='input_2_2_container'>\n                                <span id='input_2_2_1_container' class='ginput_left gform-grid-col gform-grid-col--size-auto'>\n                                    <input class='' type='email' name='input_2' id='input_2_2' value=''    aria-required=\"true\" aria-invalid=\"false\"  \/>\n                                    <label for='input_2_2' class='gform-field-label gform-field-label--type-sub '>Introdueix correu electr\u00f2nic<\/label>\n                                <\/span>\n                                <span id='input_2_2_2_container' class='ginput_right gform-grid-col gform-grid-col--size-auto'>\n                                    <input class='' type='email' name='input_2_2' id='input_2_2_2' value=''    aria-required=\"true\" aria-invalid=\"false\"  \/>\n                                    <label for='input_2_2_2' class='gform-field-label gform-field-label--type-sub '>Confirma el correu electr\u00f2nic<\/label>\n                                <\/span>\n                                <div class='gf_clear gf_clear_complex'><\/div>\n                            <\/div><\/li><li id=\"field_2_3\" class=\"gfield gfield--type-textarea gfield--input-type-textarea field_sublabel_below gfield--no-description field_description_below field_validation_below gfield_visibility_visible\"  ><label class='gfield_label gform-field-label' for='input_2_3'>Mensaje<\/label><div class='ginput_container ginput_container_textarea'><textarea name='input_3' id='input_2_3' class='textarea medium'      aria-invalid=\"false\"   rows='10' cols='50'><\/textarea><\/div><\/li><\/ul><\/div>\n        <div class='gform-footer gform_footer top_label'> <div class=\"gf-turnstile-container\"> <div id=\"cf-turnstile-gf-2\" class=\"cf-turnstile\" data-sitekey=\"0x4AAAAAABBl7EQDj4JE7LuR\" data-theme=\"light\" data-language=\"auto\" data-size=\"normal\" data-retry=\"auto\" data-retry-interval=\"1000\" data-refresh-expired=\"auto\" data-refresh-timeout=\"auto\" data-action=\"gravity-form-2\" data-callback=\"turnstileGravityCallback\" data-appearance=\"always\"><\/div> <script>document.addEventListener(\"DOMContentLoaded\", function() { setTimeout(function(){ var e=document.getElementById(\"cf-turnstile-gf-2\"); if(e&&!e.innerHTML.trim()){turnstile.render(e, {sitekey:\"0x4AAAAAABBl7EQDj4JE7LuR\"});} }, 200); });<\/script> <br class=\"cf-turnstile-br cf-turnstile-br-gf-2\"> <style>#cf-turnstile-gf-2 { margin-left: -15px; }<\/style> <\/div> <style> .gf-turnstile-container { width: 100%; } .gform_footer.top_label { display: flex; flex-wrap: wrap; } <\/style> <script>document.addEventListener(\"DOMContentLoaded\", function() {document.addEventListener('gform\/post_render', function handlePostRender(event) {if (event.detail.formId !== 2) {return;}gform.utils.addAsyncFilter('gform\/submission\/pre_submission', async function handlePreSubmission(data) {document.addEventListener('gform\/post_render', function rerenderTurnstile(event) {if (event.detail.formId !== 2) {return;}const turnstileElement = document.getElementById('cf-turnstile-gf-2');if (turnstileElement) {turnstile.remove('#cf-turnstile-gf-2');turnstile.render('#cf-turnstile-gf-2');}document.removeEventListener('gform\/post_render', rerenderTurnstile);});gform.utils.removeFilter('gform\/submission\/pre_submission', handlePreSubmission);return data;});document.removeEventListener('gform\/post_render', handlePostRender);});});<\/script><input type='submit' id='gform_submit_button_2' class='gform_button button' onclick='gform.submission.handleButtonClick(this);' data-submission-type='submit' value='Enviar'  \/> <input type='hidden' name='gform_ajax' value='form_id=2&amp;title=&amp;description=&amp;tabindex=0&amp;theme=legacy&amp;styles=[]&amp;hash=03b84e8d33d23c3f3119238f3fbbaf6b' \/>\n            <input type='hidden' class='gform_hidden' name='gform_submission_method' data-js='gform_submission_method_2' value='iframe' \/>\n            <input type='hidden' class='gform_hidden' name='gform_theme' data-js='gform_theme_2' id='gform_theme_2' value='legacy' \/>\n            <input type='hidden' class='gform_hidden' name='gform_style_settings' data-js='gform_style_settings_2' id='gform_style_settings_2' value='[]' \/>\n            <input type='hidden' class='gform_hidden' name='is_submit_2' value='1' \/>\n            <input type='hidden' class='gform_hidden' name='gform_submit' value='2' \/>\n            \n            <input type='hidden' class='gform_hidden' name='gform_currency' data-currency='EUR' value='da8BDaEMLozwo8SXlr1vY4JooQxhSp8VrEuU5szg4o7ivQYnGYRad2RFSvYV0cimCm3AlB1QtyGWeCpwg63sVPzbYbtEd+5mkGMilPAkkT8jqmo=' \/>\n            <input type='hidden' class='gform_hidden' name='gform_unique_id' value='' \/>\n            <input type='hidden' class='gform_hidden' name='state_2' value='WyJbXSIsImVlNzMzZmQ3NWY1OGFjYjhkMmE1OTQyZWI5OGQxMzBiIl0=' \/>\n            <input type='hidden' autocomplete='off' class='gform_hidden' name='gform_target_page_number_2' id='gform_target_page_number_2' value='0' \/>\n            <input type='hidden' autocomplete='off' class='gform_hidden' name='gform_source_page_number_2' id='gform_source_page_number_2' value='1' \/>\n            <input type='hidden' name='gform_field_values' value='' \/>\n            \n        <\/div>\n                        <\/form>\n                        <\/div>\n\t\t                <iframe style='display:none;width:0px;height:0px;' src='about:blank' name='gform_ajax_frame_2' id='gform_ajax_frame_2' title='Aquest iframe cont\u00e9 la l\u00f2gica necess\u00e0ria per a gestionar el Gravity Forms, que funciona amb Ajax.'><\/iframe>\n\t\t                <script type=\"text\/javascript\">\n\/* <![CDATA[ *\/\n gform.initializeOnLoaded( function() {gformInitSpinner( 2, 'https:\/\/antonitolmos.com\/wp-content\/plugins\/gravityforms\/images\/spinner.svg', true );jQuery('#gform_ajax_frame_2').on('load',function(){var contents = jQuery(this).contents().find('*').html();var is_postback = contents.indexOf('GF_AJAX_POSTBACK') >= 0;if(!is_postback){return;}var form_content = jQuery(this).contents().find('#gform_wrapper_2');var is_confirmation = jQuery(this).contents().find('#gform_confirmation_wrapper_2').length > 0;var is_redirect = contents.indexOf('gformRedirect(){') >= 0;var is_form = form_content.length > 0 && ! is_redirect && ! is_confirmation;var mt = parseInt(jQuery('html').css('margin-top'), 10) + parseInt(jQuery('body').css('margin-top'), 10) + 100;if(is_form){jQuery('#gform_wrapper_2').html(form_content.html());if(form_content.hasClass('gform_validation_error')){jQuery('#gform_wrapper_2').addClass('gform_validation_error');} else {jQuery('#gform_wrapper_2').removeClass('gform_validation_error');}setTimeout( function() { \/* delay the scroll by 50 milliseconds to fix a bug in chrome *\/ jQuery(document).scrollTop(jQuery('#gform_wrapper_2').offset().top - mt); }, 50 );if(window['gformInitDatepicker']) {gformInitDatepicker();}if(window['gformInitPriceFields']) {gformInitPriceFields();}var current_page = jQuery('#gform_source_page_number_2').val();gformInitSpinner( 2, 'https:\/\/antonitolmos.com\/wp-content\/plugins\/gravityforms\/images\/spinner.svg', true );jQuery(document).trigger('gform_page_loaded', [2, current_page]);window['gf_submitting_2'] = false;}else if(!is_redirect){var confirmation_content = jQuery(this).contents().find('.GF_AJAX_POSTBACK').html();if(!confirmation_content){confirmation_content = contents;}jQuery('#gform_wrapper_2').replaceWith(confirmation_content);jQuery(document).scrollTop(jQuery('#gf_2').offset().top - mt);jQuery(document).trigger('gform_confirmation_loaded', [2]);window['gf_submitting_2'] = false;wp.a11y.speak(jQuery('#gform_confirmation_message_2').text());}else{jQuery('#gform_2').append(contents);if(window['gformRedirect']) {gformRedirect();}}jQuery(document).trigger(\"gform_pre_post_render\", [{ formId: \"2\", currentPage: \"current_page\", abort: function() { this.preventDefault(); } }]);        if (event && event.defaultPrevented) {                return;        }        const gformWrapperDiv = document.getElementById( \"gform_wrapper_2\" );        if ( gformWrapperDiv ) {            const visibilitySpan = document.createElement( \"span\" );            visibilitySpan.id = \"gform_visibility_test_2\";            gformWrapperDiv.insertAdjacentElement( \"afterend\", visibilitySpan );        }        const visibilityTestDiv = document.getElementById( \"gform_visibility_test_2\" );        let postRenderFired = false;        function triggerPostRender() {            if ( postRenderFired ) {                return;            }            postRenderFired = true;            gform.core.triggerPostRenderEvents( 2, current_page );            if ( visibilityTestDiv ) {                visibilityTestDiv.parentNode.removeChild( visibilityTestDiv );            }        }        function debounce( func, wait, immediate ) {            var timeout;            return function() {                var context = this, args = arguments;                var later = function() {                    timeout = null;                    if ( !immediate ) func.apply( context, args );                };                var callNow = immediate && !timeout;                clearTimeout( timeout );                timeout = setTimeout( later, wait );                if ( callNow ) func.apply( context, args );            };        }        const debouncedTriggerPostRender = debounce( function() {            triggerPostRender();        }, 200 );        if ( visibilityTestDiv && visibilityTestDiv.offsetParent === null ) {            const observer = new MutationObserver( ( mutations ) => {                mutations.forEach( ( mutation ) => {                    if ( mutation.type === 'attributes' && visibilityTestDiv.offsetParent !== null ) {                        debouncedTriggerPostRender();                        observer.disconnect();                    }                });            });            observer.observe( document.body, {                attributes: true,                childList: false,                subtree: true,                attributeFilter: [ 'style', 'class' ],            });        } else {            triggerPostRender();        }    } );} ); \n\/* ]]> *\/\n<\/script>\n\n<p>[\/et_pb_text][\/et_pb_column][\/et_pb_row][\/et_pb_section]<\/p>\n","protected":false},"excerpt":{"rendered":"<p>Moltes gr\u00e0cies per arribar fins aqu\u00ed. Desitjo que aquest llibre t&#8217;hagi inspirat i puguis iniciar el teu pr\u00f2xim projecte amb la millor motivaci\u00f3. \u00a0 En agra\u00efment a la teva lectura i per continuar aprofundint en el teu creixement art\u00edstic, vull obsequiar-te amb un regal a escollir entre: Acc\u00e9s a la formaci\u00f3 online estimarte en la [&hellip;]<\/p>\n","protected":false},"author":2,"featured_media":0,"parent":0,"menu_order":0,"comment_status":"closed","ping_status":"closed","template":"page-template-blank.php","meta":{"_et_pb_use_builder":"on","_et_pb_old_content":"","_et_gb_content_width":"","footnotes":""},"class_list":["post-15329","page","type-page","status-publish","hentry"],"yoast_head":"<!-- This site is optimized with the Yoast SEO plugin v27.5 - https:\/\/yoast.com\/product\/yoast-seo-wordpress\/ -->\n<title>FINAL QDT SESSI\u00d3 - Antoni Tolmos - pianist, composer &amp; lecturer<\/title>\n<meta name=\"robots\" content=\"index, follow, max-snippet:-1, max-image-preview:large, max-video-preview:-1\" \/>\n<link rel=\"canonical\" href=\"https:\/\/antonitolmos.com\/final-qdt-sessio\/\" \/>\n<meta property=\"og:locale\" content=\"ca_ES\" \/>\n<meta property=\"og:type\" content=\"article\" \/>\n<meta property=\"og:title\" content=\"FINAL QDT SESSI\u00d3 - Antoni Tolmos - pianist, composer &amp; lecturer\" \/>\n<meta property=\"og:description\" content=\"Moltes gr\u00e0cies per arribar fins aqu\u00ed. Desitjo que aquest llibre t&#039;hagi inspirat i puguis iniciar el teu pr\u00f2xim projecte amb la millor motivaci\u00f3. \u00a0 En agra\u00efment a la teva lectura i per continuar aprofundint en el teu creixement art\u00edstic, vull obsequiar-te amb un regal a escollir entre: Acc\u00e9s a la formaci\u00f3 online estimarte en la [&hellip;]\" \/>\n<meta property=\"og:url\" content=\"https:\/\/antonitolmos.com\/final-qdt-sessio\/\" \/>\n<meta property=\"og:site_name\" content=\"Antoni Tolmos - pianist, composer &amp; lecturer\" \/>\n<meta property=\"article:modified_time\" content=\"2025-04-17T07:13:12+00:00\" \/>\n<meta name=\"twitter:card\" content=\"summary_large_image\" \/>\n<meta name=\"twitter:label1\" content=\"Temps estimat de lectura\" \/>\n\t<meta name=\"twitter:data1\" content=\"2 minuts\" \/>\n<script type=\"application\/ld+json\" class=\"yoast-schema-graph\">{\"@context\":\"https:\\\/\\\/schema.org\",\"@graph\":[{\"@type\":\"WebPage\",\"@id\":\"https:\\\/\\\/antonitolmos.com\\\/final-qdt-sessio\\\/\",\"url\":\"https:\\\/\\\/antonitolmos.com\\\/final-qdt-sessio\\\/\",\"name\":\"FINAL QDT SESSI\u00d3 - Antoni Tolmos - pianist, composer &amp; lecturer\",\"isPartOf\":{\"@id\":\"https:\\\/\\\/antonitolmos.com\\\/es\\\/#website\"},\"datePublished\":\"2025-02-09T19:39:20+00:00\",\"dateModified\":\"2025-04-17T07:13:12+00:00\",\"breadcrumb\":{\"@id\":\"https:\\\/\\\/antonitolmos.com\\\/final-qdt-sessio\\\/#breadcrumb\"},\"inLanguage\":\"ca\",\"potentialAction\":[{\"@type\":\"ReadAction\",\"target\":[\"https:\\\/\\\/antonitolmos.com\\\/final-qdt-sessio\\\/\"]}]},{\"@type\":\"BreadcrumbList\",\"@id\":\"https:\\\/\\\/antonitolmos.com\\\/final-qdt-sessio\\\/#breadcrumb\",\"itemListElement\":[{\"@type\":\"ListItem\",\"position\":1,\"name\":\"Inici\",\"item\":\"https:\\\/\\\/antonitolmos.com\\\/ca\\\/\"},{\"@type\":\"ListItem\",\"position\":2,\"name\":\"FINAL QDT SESSI\u00d3\"}]},{\"@type\":\"WebSite\",\"@id\":\"https:\\\/\\\/antonitolmos.com\\\/es\\\/#website\",\"url\":\"https:\\\/\\\/antonitolmos.com\\\/es\\\/\",\"name\":\"Antoni Tolmos - pianist, composer &amp; lecturer\",\"description\":\"pianista &amp; coach art\u00edstic\",\"potentialAction\":[{\"@type\":\"SearchAction\",\"target\":{\"@type\":\"EntryPoint\",\"urlTemplate\":\"https:\\\/\\\/antonitolmos.com\\\/es\\\/?s={search_term_string}\"},\"query-input\":{\"@type\":\"PropertyValueSpecification\",\"valueRequired\":true,\"valueName\":\"search_term_string\"}}],\"inLanguage\":\"ca\"}]}<\/script>\n<!-- \/ Yoast SEO plugin. -->","yoast_head_json":{"title":"FINAL QDT SESSI\u00d3 - Antoni Tolmos - pianist, composer &amp; lecturer","robots":{"index":"index","follow":"follow","max-snippet":"max-snippet:-1","max-image-preview":"max-image-preview:large","max-video-preview":"max-video-preview:-1"},"canonical":"https:\/\/antonitolmos.com\/final-qdt-sessio\/","og_locale":"ca_ES","og_type":"article","og_title":"FINAL QDT SESSI\u00d3 - Antoni Tolmos - pianist, composer &amp; lecturer","og_description":"Moltes gr\u00e0cies per arribar fins aqu\u00ed. Desitjo que aquest llibre t'hagi inspirat i puguis iniciar el teu pr\u00f2xim projecte amb la millor motivaci\u00f3. \u00a0 En agra\u00efment a la teva lectura i per continuar aprofundint en el teu creixement art\u00edstic, vull obsequiar-te amb un regal a escollir entre: Acc\u00e9s a la formaci\u00f3 online estimarte en la [&hellip;]","og_url":"https:\/\/antonitolmos.com\/final-qdt-sessio\/","og_site_name":"Antoni Tolmos - pianist, composer &amp; lecturer","article_modified_time":"2025-04-17T07:13:12+00:00","twitter_card":"summary_large_image","twitter_misc":{"Temps estimat de lectura":"2 minuts"},"schema":{"@context":"https:\/\/schema.org","@graph":[{"@type":"WebPage","@id":"https:\/\/antonitolmos.com\/final-qdt-sessio\/","url":"https:\/\/antonitolmos.com\/final-qdt-sessio\/","name":"FINAL QDT SESSI\u00d3 - Antoni Tolmos - pianist, composer &amp; lecturer","isPartOf":{"@id":"https:\/\/antonitolmos.com\/es\/#website"},"datePublished":"2025-02-09T19:39:20+00:00","dateModified":"2025-04-17T07:13:12+00:00","breadcrumb":{"@id":"https:\/\/antonitolmos.com\/final-qdt-sessio\/#breadcrumb"},"inLanguage":"ca","potentialAction":[{"@type":"ReadAction","target":["https:\/\/antonitolmos.com\/final-qdt-sessio\/"]}]},{"@type":"BreadcrumbList","@id":"https:\/\/antonitolmos.com\/final-qdt-sessio\/#breadcrumb","itemListElement":[{"@type":"ListItem","position":1,"name":"Inici","item":"https:\/\/antonitolmos.com\/ca\/"},{"@type":"ListItem","position":2,"name":"FINAL QDT SESSI\u00d3"}]},{"@type":"WebSite","@id":"https:\/\/antonitolmos.com\/es\/#website","url":"https:\/\/antonitolmos.com\/es\/","name":"Antoni Tolmos - pianist, composer &amp; lecturer","description":"pianista &amp; coach art\u00edstic","potentialAction":[{"@type":"SearchAction","target":{"@type":"EntryPoint","urlTemplate":"https:\/\/antonitolmos.com\/es\/?s={search_term_string}"},"query-input":{"@type":"PropertyValueSpecification","valueRequired":true,"valueName":"search_term_string"}}],"inLanguage":"ca"}]}},"_links":{"self":[{"href":"https:\/\/antonitolmos.com\/ca\/wp-json\/wp\/v2\/pages\/15329","targetHints":{"allow":["GET"]}}],"collection":[{"href":"https:\/\/antonitolmos.com\/ca\/wp-json\/wp\/v2\/pages"}],"about":[{"href":"https:\/\/antonitolmos.com\/ca\/wp-json\/wp\/v2\/types\/page"}],"author":[{"embeddable":true,"href":"https:\/\/antonitolmos.com\/ca\/wp-json\/wp\/v2\/users\/2"}],"replies":[{"embeddable":true,"href":"https:\/\/antonitolmos.com\/ca\/wp-json\/wp\/v2\/comments?post=15329"}],"version-history":[{"count":37,"href":"https:\/\/antonitolmos.com\/ca\/wp-json\/wp\/v2\/pages\/15329\/revisions"}],"predecessor-version":[{"id":15884,"href":"https:\/\/antonitolmos.com\/ca\/wp-json\/wp\/v2\/pages\/15329\/revisions\/15884"}],"wp:attachment":[{"href":"https:\/\/antonitolmos.com\/ca\/wp-json\/wp\/v2\/media?parent=15329"}],"curies":[{"name":"wp","href":"https:\/\/api.w.org\/{rel}","templated":true}]}}